{"id":25,"date":"2026-03-05T00:35:27","date_gmt":"2026-03-05T00:35:27","guid":{"rendered":"https:\/\/belajarastro.com\/baca\/?page_id=25"},"modified":"2026-03-05T00:39:32","modified_gmt":"2026-03-05T00:39:32","slug":"rak-ebook","status":"publish","type":"page","link":"https:\/\/belajarastro.com\/baca\/rak-ebook\/","title":{"rendered":"Rak Ebook"},"content":{"rendered":"\t\t<div data-elementor-type=\"wp-page\" data-elementor-id=\"25\" class=\"elementor elementor-25\">\n\t\t\t\t<div class=\"elementor-element elementor-element-2b2ed59 e-flex e-con-boxed e-con e-parent\" data-id=\"2b2ed59\" data-element_type=\"container\" data-e-type=\"container\">\n\t\t\t\t\t<div class=\"e-con-inner\">\n\t\t\t\t<div class=\"elementor-element elementor-element-19779af elementor-widget elementor-widget-shortcode\" data-id=\"19779af\" data-element_type=\"widget\" data-e-type=\"widget\" data-widget_type=\"shortcode.default\">\n\t\t\t\t\t\t\t<div class=\"elementor-shortcode\">  <div class=\"dl-root\">\r\n      <nav class=\"dl-navbar\">\r\n    <a href=\"https:\/\/belajarastro.com\/baca\/\" class=\"dl-brand\">\r\n      <div class=\"dl-brand-img\">\r\n        <img decoding=\"async\" src=\"https:\/\/belajarastro.com\/wp-content\/uploads\/2023\/10\/foto-profil-ba.jpg\" alt=\"Belajar Astronomi\">\r\n      <\/div>\r\n      <div class=\"dl-brand-name\">\r\n        Perpus Digital Astronomi\r\n        <small>Koleksi Ebook Ilmiah<\/small>\r\n      <\/div>\r\n    <\/a>\r\n    <div class=\"dl-nav\">\r\n      <a href=\"https:\/\/belajarastro.com\/baca\/\" class=\"dl-nav-link \" data-href=\"\/\">\r\n        <span class=\"dl-nav-dot\"><\/span>Beranda\r\n      <\/a>\r\n      <a href=\"https:\/\/belajarastro.com\/baca\/rak-ebook\/\" class=\"dl-nav-link on\" data-href=\"\/rak-ebook\/\">\r\n        <span class=\"dl-nav-dot\"><\/span>Katalog\r\n      <\/a>\r\n      <a href=\"https:\/\/belajarastro.com\/baca\/peminjaman-saya\/\" class=\"dl-nav-link \" data-href=\"\/peminjaman-saya\/\">\r\n        <span class=\"dl-nav-dot\"><\/span>Pinjaman Saya\r\n      <\/a>\r\n    <\/div>\r\n    <div class=\"dl-nav-actions\">\r\n      <a href=\"https:\/\/belajarastro.com\/baca\/rak-ebook\/\" class=\"dl-nav-search\">\r\n        <svg viewBox=\"0 0 24 24\"><circle cx=\"11\" cy=\"11\" r=\"8\"\/><path d=\"m21 21-4.35-4.35\"\/><\/svg>\r\n        Cari ebook...\r\n        <kbd>\u2318K<\/kbd>\r\n      <\/a>\r\n      <a href=\"https:\/\/belajarastro.com\/plus\" target=\"_blank\" class=\"dl-nav-cta\">\u2b50 Astronomi+<\/a>\r\n    <\/div>\r\n  <\/nav>\r\n      <div class=\"dl-main\"><div class=\"dl-page-wrap\">\r\n\r\n      <div class=\"dl-topbar\">\r\n        <div>\r\n          <h2 class=\"dl-page-title\">Katalog Ebook<\/h2>\r\n          <p class=\"dl-page-sub\">25 ebook ditemukan<\/p>\r\n        <\/div>\r\n        <form method=\"get\">\r\n          <div class=\"dl-search-bar\">\r\n            <svg viewBox=\"0 0 24 24\"><circle cx=\"11\" cy=\"11\" r=\"8\"\/><path d=\"m21 21-4.35-4.35\"\/><\/svg>\r\n            <input type=\"text\" name=\"q\" placeholder=\"Cari ebook...\" value=\"\">\r\n          <\/div>\r\n        <\/form>\r\n      <\/div>\r\n\r\n      <div class=\"dl-mobile-header\"><h1>Katalog<\/h1><\/div>\r\n      <form method=\"get\" style=\"display:contents\">\r\n        <div class=\"dl-mobile-search\">\r\n          <svg viewBox=\"0 0 24 24\"><circle cx=\"11\" cy=\"11\" r=\"8\"\/><path d=\"m21 21-4.35-4.35\"\/><\/svg>\r\n          <input type=\"text\" name=\"q\" placeholder=\"Cari ebook...\" value=\"\">\r\n        <\/div>\r\n      <\/form>\r\n\r\n      <div class=\"dl-sec\">\r\n        <div class=\"dl-chips\">\r\n          <a href=\"\/baca\/wp-json\/wp\/v2\/pages\/25?q&#038;cat\" class=\"dl-chip on\">\u2728 Semua<\/a>\r\n                      <a href=\"\/baca\/wp-json\/wp\/v2\/pages\/25?q&#038;cat=Alien\" class=\"dl-chip \">\ud83c\udf1f Alien<\/a>\r\n                      <a href=\"\/baca\/wp-json\/wp\/v2\/pages\/25?q&#038;cat=Astrofisika\" class=\"dl-chip \">\u2b50 Astrofisika<\/a>\r\n                      <a href=\"\/baca\/wp-json\/wp\/v2\/pages\/25?q&#038;cat=Astrofotografi\" class=\"dl-chip \">\ud83c\udf1f Astrofotografi<\/a>\r\n                      <a href=\"\/baca\/wp-json\/wp\/v2\/pages\/25?q&#038;cat=Astronomi\" class=\"dl-chip \">\ud83c\udf1f Astronomi<\/a>\r\n                      <a href=\"\/baca\/wp-json\/wp\/v2\/pages\/25?q&#038;cat=Eksoplanet\" class=\"dl-chip \">\ud83c\udf1f Eksoplanet<\/a>\r\n                      <a href=\"\/baca\/wp-json\/wp\/v2\/pages\/25?q&#038;cat=Kosmologi\" class=\"dl-chip \">\ud83c\udf0c Kosmologi<\/a>\r\n                      <a href=\"\/baca\/wp-json\/wp\/v2\/pages\/25?q&#038;cat=Lubang%20Hitam\" class=\"dl-chip \">\ud83d\udd73\ufe0f Lubang Hitam<\/a>\r\n                      <a href=\"\/baca\/wp-json\/wp\/v2\/pages\/25?q&#038;cat=Majalah%20Astronomi\" class=\"dl-chip \">\ud83c\udf1f Majalah Astronomi<\/a>\r\n                      <a href=\"\/baca\/wp-json\/wp\/v2\/pages\/25?q&#038;cat=Perbintangan\" class=\"dl-chip \">\ud83c\udf1f Perbintangan<\/a>\r\n                  <\/div>\r\n      <\/div>\r\n\r\n      <div class=\"dl-sec\" style=\"padding-bottom:40px;\">\r\n        <div class=\"dl-book-grid\">\r\n                      <a href=\"https:\/\/belajarastro.com\/baca\/borrow\/?book=24\" class=\"dl-book-card \" style=\"animation:fadein .3s ease 0s both\">\r\n              <div class=\"dl-book-cover\">\r\n                <img decoding=\"async\" src=\"https:\/\/belajarastro.com\/baca\/wp-content\/uploads\/2026\/05\/pg20769.cover_.medium.jpg\" alt=\"\" loading=\"lazy\">                <span class=\"dl-badge av\">Tersedia<\/span>\r\n              <\/div>\r\n              <div class=\"dl-book-body\">\r\n                <div class=\"ttl\">A Field Book of the Stars<\/div>\r\n                <div class=\"auth\">William Tyler Olcott<\/div>\r\n              <\/div>\r\n            <\/a>\r\n                      <a href=\"https:\/\/belajarastro.com\/baca\/borrow\/?book=16\" class=\"dl-book-card \" style=\"animation:fadein .3s ease 0.035s both\">\r\n              <div class=\"dl-book-cover\">\r\n                <img decoding=\"async\" src=\"https:\/\/belajarastro.com\/baca\/wp-content\/uploads\/2026\/05\/astronomy-space-system.png\" alt=\"\" loading=\"lazy\">                <span class=\"dl-badge av\">Tersedia<\/span>\r\n              <\/div>\r\n              <div class=\"dl-book-body\">\r\n                <div class=\"ttl\">Astronomy: Space System<\/div>\r\n                <div class=\"auth\">Core Knowlede<\/div>\r\n              <\/div>\r\n            <\/a>\r\n                      <a href=\"https:\/\/belajarastro.com\/baca\/borrow\/?book=1\" class=\"dl-book-card \" style=\"animation:fadein .3s ease 0.07s both\">\r\n              <div class=\"dl-book-cover\">\r\n                <img decoding=\"async\" src=\"https:\/\/belajarastro.com\/baca\/wp-content\/uploads\/2026\/03\/EBOOK-Bumi-di-Bimasakti.png\" alt=\"\" loading=\"lazy\">                <span class=\"dl-badge av\">Tersedia<\/span>\r\n              <\/div>\r\n              <div class=\"dl-book-body\">\r\n                <div class=\"ttl\">Bumi di Galaksi Bimasakti<\/div>\r\n                <div class=\"auth\">InfoAstronomy.org<\/div>\r\n              <\/div>\r\n            <\/a>\r\n                      <a href=\"https:\/\/belajarastro.com\/baca\/borrow\/?book=6\" class=\"dl-book-card \" style=\"animation:fadein .3s ease 0.105s both\">\r\n              <div class=\"dl-book-cover\">\r\n                <img decoding=\"async\" src=\"https:\/\/belajarastro.com\/baca\/wp-content\/uploads\/2026\/03\/EBOOK-Dari-Big-Bang-Hingga-Akhir-Semesta.png\" alt=\"\" loading=\"lazy\">                <span class=\"dl-badge av\">Tersedia<\/span>\r\n              <\/div>\r\n              <div class=\"dl-book-body\">\r\n                <div class=\"ttl\">Dari Big Bang Hingga Akhir Semesta<\/div>\r\n                <div class=\"auth\">InfoAstronomy.org<\/div>\r\n              <\/div>\r\n            <\/a>\r\n                      <a href=\"https:\/\/belajarastro.com\/baca\/borrow\/?book=21\" class=\"dl-book-card \" style=\"animation:fadein .3s ease 0.14s both\">\r\n              <div class=\"dl-book-cover\">\r\n                <img decoding=\"async\" src=\"https:\/\/belajarastro.com\/baca\/wp-content\/uploads\/2026\/05\/dasardasar2.jpg\" alt=\"\" loading=\"lazy\">                <span class=\"dl-badge av\">Tersedia<\/span>\r\n              <\/div>\r\n              <div class=\"dl-book-body\">\r\n                <div class=\"ttl\">Dasar-Dasar Astronomi<\/div>\r\n                <div class=\"auth\">Deded Chandra, S.Si., M.Si., Drs. M. Nasir B., Drs. Zawirman<\/div>\r\n              <\/div>\r\n            <\/a>\r\n                      <a href=\"https:\/\/belajarastro.com\/baca\/borrow\/?book=18\" class=\"dl-book-card \" style=\"animation:fadein .3s ease 0.175s both\">\r\n              <div class=\"dl-book-cover\">\r\n                <img decoding=\"async\" src=\"https:\/\/belajarastro.com\/baca\/wp-content\/uploads\/2026\/05\/dasardasar.png\" alt=\"\" loading=\"lazy\">                <span class=\"dl-badge av\">Tersedia<\/span>\r\n              <\/div>\r\n              <div class=\"dl-book-body\">\r\n                <div class=\"ttl\">Dasar-dasar Astronomi dan Fisika Kebumian<\/div>\r\n                <div class=\"auth\">Riswanto M.Pd. &amp; Dr. H. Nyoto Suseno M.St.<\/div>\r\n              <\/div>\r\n            <\/a>\r\n                      <a href=\"https:\/\/belajarastro.com\/baca\/borrow\/?book=23\" class=\"dl-book-card \" style=\"animation:fadein .3s ease 0.21s both\">\r\n              <div class=\"dl-book-cover\">\r\n                <img decoding=\"async\" src=\"https:\/\/belajarastro.com\/baca\/wp-content\/uploads\/2026\/05\/pg63372.cover_.medium.jpg\" alt=\"\" loading=\"lazy\">                <span class=\"dl-badge av\">Tersedia<\/span>\r\n              <\/div>\r\n              <div class=\"dl-book-body\">\r\n                <div class=\"ttl\">Einstein Theories of Relativity and Gravitation<\/div>\r\n                <div class=\"auth\">J. Malcolm Bird<\/div>\r\n              <\/div>\r\n            <\/a>\r\n                      <a href=\"https:\/\/belajarastro.com\/baca\/borrow\/?book=2\" class=\"dl-book-card \" style=\"animation:fadein .3s ease 0.245s both\">\r\n              <div class=\"dl-book-cover\">\r\n                <img decoding=\"async\" src=\"https:\/\/belajarastro.com\/baca\/wp-content\/uploads\/2026\/03\/1.png\" alt=\"\" loading=\"lazy\">                <span class=\"dl-badge av\">Tersedia<\/span>\r\n              <\/div>\r\n              <div class=\"dl-book-body\">\r\n                <div class=\"ttl\">Eksoplanet: Planet-planet di Bintang Lain<\/div>\r\n                <div class=\"auth\">InfoAstronomy.org<\/div>\r\n              <\/div>\r\n            <\/a>\r\n                      <a href=\"https:\/\/belajarastro.com\/baca\/borrow\/?book=4\" class=\"dl-book-card \" style=\"animation:fadein .3s ease 0.28s both\">\r\n              <div class=\"dl-book-cover\">\r\n                <img decoding=\"async\" src=\"https:\/\/belajarastro.com\/baca\/wp-content\/uploads\/2026\/03\/EBOOK-Fisika-Wormhole.png\" alt=\"\" loading=\"lazy\">                <span class=\"dl-badge av\">Tersedia<\/span>\r\n              <\/div>\r\n              <div class=\"dl-book-body\">\r\n                <div class=\"ttl\">Fisika Wormhole: Memahami Jembatan Ruangwaktu<\/div>\r\n                <div class=\"auth\">InfoAstronomy.org<\/div>\r\n              <\/div>\r\n            <\/a>\r\n                      <a href=\"https:\/\/belajarastro.com\/baca\/borrow\/?book=15\" class=\"dl-book-card \" style=\"animation:fadein .3s ease 0.315s both\">\r\n              <div class=\"dl-book-cover\">\r\n                <img decoding=\"async\" src=\"https:\/\/assets.science.nasa.gov\/dynamicimage\/assets\/science\/missions\/hubble\/multimedia\/e-books\/hubble-focus-black-holes-cover.jpg\" alt=\"\" loading=\"lazy\">                <span class=\"dl-badge av\">Tersedia<\/span>\r\n              <\/div>\r\n              <div class=\"dl-book-body\">\r\n                <div class=\"ttl\">Hubble Focus: Black Holes \u2013 Into the Vortex<\/div>\r\n                <div class=\"auth\">NASA<\/div>\r\n              <\/div>\r\n            <\/a>\r\n                      <a href=\"https:\/\/belajarastro.com\/baca\/borrow\/?book=14\" class=\"dl-book-card \" style=\"animation:fadein .3s ease 0.35s both\">\r\n              <div class=\"dl-book-cover\">\r\n                <img decoding=\"async\" src=\"https:\/\/science.nasa.gov\/wp-content\/uploads\/2023\/07\/finhubblefocusthelivesofstarsnasa-0-page-01.jpg\" alt=\"\" loading=\"lazy\">                <span class=\"dl-badge av\">Tersedia<\/span>\r\n              <\/div>\r\n              <div class=\"dl-book-body\">\r\n                <div class=\"ttl\">Hubble Focus: The Lives of Stars<\/div>\r\n                <div class=\"auth\">NASA<\/div>\r\n              <\/div>\r\n            <\/a>\r\n                      <a href=\"https:\/\/belajarastro.com\/baca\/borrow\/?book=13\" class=\"dl-book-card \" style=\"animation:fadein .3s ease 0.385s both\">\r\n              <div class=\"dl-book-cover\">\r\n                <img decoding=\"async\" src=\"https:\/\/belajarastro.com\/baca\/wp-content\/uploads\/2026\/05\/ilmufalakastronomi.png\" alt=\"\" loading=\"lazy\">                <span class=\"dl-badge av\">Tersedia<\/span>\r\n              <\/div>\r\n              <div class=\"dl-book-body\">\r\n                <div class=\"ttl\">Ilmu Falak Astronomi: Teori &amp; Aplikasi Dasar<\/div>\r\n                <div class=\"auth\">Muhammad Harfin Zuhdi &amp; Ahmad Saifulhaq Almuhtadi<\/div>\r\n              <\/div>\r\n            <\/a>\r\n                      <a href=\"https:\/\/belajarastro.com\/baca\/borrow\/?book=3\" class=\"dl-book-card \" style=\"animation:fadein .3s ease 0.42s both\">\r\n              <div class=\"dl-book-cover\">\r\n                <img decoding=\"async\" src=\"https:\/\/belajarastro.com\/baca\/wp-content\/uploads\/2026\/03\/lbh.png\" alt=\"\" loading=\"lazy\">                <span class=\"dl-badge av\">Tersedia<\/span>\r\n              <\/div>\r\n              <div class=\"dl-book-body\">\r\n                <div class=\"ttl\">Lubang Hitam dan Misteri Kosmik di Dalamnya<\/div>\r\n                <div class=\"auth\">InfoAstronomy.org<\/div>\r\n              <\/div>\r\n            <\/a>\r\n                      <a href=\"https:\/\/belajarastro.com\/baca\/borrow\/?book=7\" class=\"dl-book-card full\" style=\"animation:fadein .3s ease 0.455s both\">\r\n              <div class=\"dl-book-cover\">\r\n                <img decoding=\"async\" src=\"https:\/\/infoastronomystore.com\/wp-content\/uploads\/2024\/08\/Majalah-Astronomi.png\" alt=\"\" loading=\"lazy\">                <span class=\"dl-badge fu\">Penuh<\/span>\r\n              <\/div>\r\n              <div class=\"dl-book-body\">\r\n                <div class=\"ttl\">Majalah Astronomi Edisi 1 (Agustus-September 2024)<\/div>\r\n                <div class=\"auth\">InfoAstronomy.org<\/div>\r\n              <\/div>\r\n            <\/a>\r\n                      <a href=\"https:\/\/belajarastro.com\/baca\/borrow\/?book=8\" class=\"dl-book-card full\" style=\"animation:fadein .3s ease 0.49s both\">\r\n              <div class=\"dl-book-cover\">\r\n                <img decoding=\"async\" src=\"https:\/\/belajarastro.com\/baca\/wp-content\/uploads\/2026\/03\/1-1.png\" alt=\"\" loading=\"lazy\">                <span class=\"dl-badge fu\">Penuh<\/span>\r\n              <\/div>\r\n              <div class=\"dl-book-body\">\r\n                <div class=\"ttl\">Majalah Astronomi Edisi 2 (Oktober-November 2024)<\/div>\r\n                <div class=\"auth\">InfoAstronomy.org<\/div>\r\n              <\/div>\r\n            <\/a>\r\n                      <a href=\"https:\/\/belajarastro.com\/baca\/borrow\/?book=9\" class=\"dl-book-card full\" style=\"animation:fadein .3s ease 0.525s both\">\r\n              <div class=\"dl-book-cover\">\r\n                <img decoding=\"async\" src=\"https:\/\/infoastronomystore.com\/wp-content\/uploads\/2024\/12\/Sampul.png\" alt=\"\" loading=\"lazy\">                <span class=\"dl-badge fu\">Penuh<\/span>\r\n              <\/div>\r\n              <div class=\"dl-book-body\">\r\n                <div class=\"ttl\">Majalah Astronomi Edisi 3 (Des 24 \u2013 Jan 25)<\/div>\r\n                <div class=\"auth\">InfoAstronomy.org<\/div>\r\n              <\/div>\r\n            <\/a>\r\n                      <a href=\"https:\/\/belajarastro.com\/baca\/borrow\/?book=10\" class=\"dl-book-card full\" style=\"animation:fadein .3s ease 0.56s both\">\r\n              <div class=\"dl-book-cover\">\r\n                <img decoding=\"async\" src=\"https:\/\/infoastronomystore.com\/wp-content\/uploads\/2025\/02\/Cover-Majalah-Edi-4.png\" alt=\"\" loading=\"lazy\">                <span class=\"dl-badge fu\">Penuh<\/span>\r\n              <\/div>\r\n              <div class=\"dl-book-body\">\r\n                <div class=\"ttl\">Majalah Astronomi Edisi 4 (Februari-Maret 2025)<\/div>\r\n                <div class=\"auth\">InfoAstronomy.org<\/div>\r\n              <\/div>\r\n            <\/a>\r\n                      <a href=\"https:\/\/belajarastro.com\/baca\/borrow\/?book=22\" class=\"dl-book-card \" style=\"animation:fadein .3s ease 0.595s both\">\r\n              <div class=\"dl-book-cover\">\r\n                <img decoding=\"async\" src=\"https:\/\/belajarastro.com\/baca\/wp-content\/uploads\/2026\/05\/observationalastrophy.png\" alt=\"\" loading=\"lazy\">                <span class=\"dl-badge av\">Tersedia<\/span>\r\n              <\/div>\r\n              <div class=\"dl-book-body\">\r\n                <div class=\"ttl\">Observational Astrophysics - Third Edition<\/div>\r\n                <div class=\"auth\">Pierre L\u00e9na, Daniel Rouan, Fran\u00e7ois Lebrun, Fran\u00e7ois Mignard, Didier Pelat<\/div>\r\n              <\/div>\r\n            <\/a>\r\n                      <a href=\"https:\/\/belajarastro.com\/baca\/borrow\/?book=11\" class=\"dl-book-card \" style=\"animation:fadein .3s ease 0.63s both\">\r\n              <div class=\"dl-book-cover\">\r\n                <img decoding=\"async\" src=\"https:\/\/belajarastro.com\/baca\/wp-content\/uploads\/2026\/03\/Panduan-Memotret-Bimasakti-2026.png\" alt=\"\" loading=\"lazy\">                <span class=\"dl-badge av\">Tersedia<\/span>\r\n              <\/div>\r\n              <div class=\"dl-book-body\">\r\n                <div class=\"ttl\">Panduan Memotret Bimasakti untuk Tahun 2026<\/div>\r\n                <div class=\"auth\">InfoAstronomy.org<\/div>\r\n              <\/div>\r\n            <\/a>\r\n                      <a href=\"https:\/\/belajarastro.com\/baca\/borrow\/?book=26\" class=\"dl-book-card \" style=\"animation:fadein .3s ease 0.665s both\">\r\n              <div class=\"dl-book-cover\">\r\n                <img decoding=\"async\" src=\"https:\/\/belajarastro.com\/baca\/wp-content\/uploads\/2026\/05\/6c606d04f90c846f8bd3d1293f096d1cceee189f5f59bfd2c2e3d4c9a275a153.jpg\" alt=\"\" loading=\"lazy\">                <span class=\"dl-badge av\">Tersedia<\/span>\r\n              <\/div>\r\n              <div class=\"dl-book-body\">\r\n                <div class=\"ttl\">Pengantar Kosmologi<\/div>\r\n                <div class=\"auth\">Sunkar E. Gautama<\/div>\r\n              <\/div>\r\n            <\/a>\r\n                      <a href=\"https:\/\/belajarastro.com\/baca\/borrow\/?book=12\" class=\"dl-book-card \" style=\"animation:fadein .3s ease 0.7s both\">\r\n              <div class=\"dl-book-cover\">\r\n                <img decoding=\"async\" src=\"https:\/\/belajarastro.com\/baca\/wp-content\/uploads\/2026\/04\/sistem-koordinat-benda-langit.png\" alt=\"\" loading=\"lazy\">                <span class=\"dl-badge av\">Tersedia<\/span>\r\n              <\/div>\r\n              <div class=\"dl-book-body\">\r\n                <div class=\"ttl\">Sistem Koordinat Benda Langit<\/div>\r\n                <div class=\"auth\">Abu Yazid Raisal<\/div>\r\n              <\/div>\r\n            <\/a>\r\n                      <a href=\"https:\/\/belajarastro.com\/baca\/borrow\/?book=17\" class=\"dl-book-card \" style=\"animation:fadein .3s ease 0.735s both\">\r\n              <div class=\"dl-book-cover\">\r\n                <img decoding=\"async\" src=\"https:\/\/belajarastro.com\/baca\/wp-content\/uploads\/2026\/05\/lightbox.jpg\" alt=\"\" loading=\"lazy\">                <span class=\"dl-badge av\">Tersedia<\/span>\r\n              <\/div>\r\n              <div class=\"dl-book-body\">\r\n                <div class=\"ttl\">Studi Astronomi Islam: Menelusuri Karya dan Peristiwa<\/div>\r\n                <div class=\"auth\">Prof. Dr. H. Susiknan Azhari<\/div>\r\n              <\/div>\r\n            <\/a>\r\n                      <a href=\"https:\/\/belajarastro.com\/baca\/borrow\/?book=19\" class=\"dl-book-card \" style=\"animation:fadein .3s ease 0.77s both\">\r\n              <div class=\"dl-book-cover\">\r\n                <img decoding=\"async\" src=\"https:\/\/belajarastro.com\/baca\/wp-content\/uploads\/2026\/05\/suplemen-astrofisika.png\" alt=\"\" loading=\"lazy\">                <span class=\"dl-badge av\">Tersedia<\/span>\r\n              <\/div>\r\n              <div class=\"dl-book-body\">\r\n                <div class=\"ttl\">Suplemen Astrofisika<\/div>\r\n                <div class=\"auth\">Dr. Chatief Kunjaya, M.Sc.<\/div>\r\n              <\/div>\r\n            <\/a>\r\n                      <a href=\"https:\/\/belajarastro.com\/baca\/borrow\/?book=20\" class=\"dl-book-card \" style=\"animation:fadein .3s ease 0.805s both\">\r\n              <div class=\"dl-book-cover\">\r\n                <img decoding=\"async\" src=\"https:\/\/belajarastro.com\/baca\/wp-content\/uploads\/2026\/05\/2cfce951e6f3edeba0f6406cc3dfbc3aea3d12835ca099ab2263e11a42439c36.jpg\" alt=\"\" loading=\"lazy\">                <span class=\"dl-badge av\">Tersedia<\/span>\r\n              <\/div>\r\n              <div class=\"dl-book-body\">\r\n                <div class=\"ttl\">Teori Relativitas Dan Kosmologi<\/div>\r\n                <div class=\"auth\">Rinto Anugraha NQZ<\/div>\r\n              <\/div>\r\n            <\/a>\r\n                      <a href=\"https:\/\/belajarastro.com\/baca\/borrow\/?book=25\" class=\"dl-book-card \" style=\"animation:fadein .3s ease 0.84s both\">\r\n              <div class=\"dl-book-cover\">\r\n                <img decoding=\"async\" src=\"https:\/\/covers.z-lib.sk\/covers300\/collections\/userbooks\/9ef20c128628f92b7666175efaec2c1eb6d650bc67a0fdcac9bcbc8594036188.jpg\" alt=\"\" loading=\"lazy\">                <span class=\"dl-badge av\">Tersedia<\/span>\r\n              <\/div>\r\n              <div class=\"dl-book-body\">\r\n                <div class=\"ttl\">The UFO Report: Mengenal Lebih Dekat Makhluk Luar Angkasa<\/div>\r\n                <div class=\"auth\">Irving A. Greenfield<\/div>\r\n              <\/div>\r\n            <\/a>\r\n                  <\/div>\r\n      <\/div>\r\n\r\n    <\/div><\/div>\r\n      <footer class=\"dl-footer\">\r\n    <div class=\"dl-footer-inner\">\r\n      <div>\r\n        <div class=\"dl-footer-brand-img\">\r\n          <img decoding=\"async\" src=\"https:\/\/belajarastro.com\/wp-content\/uploads\/2023\/10\/foto-profil-ba.jpg\" alt=\"Perpus Astronomi Digital\">\r\n        <\/div>\r\n        <div class=\"dl-footer-brand-name\">Perpus Astronomi Digital<\/div>\r\n        <p class=\"dl-footer-brand-desc\">Perpustakaan digital gratis untuk membaca dan meminjam ebook astronomi pilihan \u2014 dari kosmologi hingga astrofisika.<\/p>\r\n      <\/div>\r\n      <div class=\"dl-footer-col\">\r\n        <h4>Navigasi<\/h4>\r\n        <div class=\"dl-footer-links\">\r\n          <a href=\"https:\/\/belajarastro.com\/baca\/rak-ebook\/\">\r\n            <svg viewBox=\"0 0 24 24\"><circle cx=\"11\" cy=\"11\" r=\"8\"\/><path d=\"m21 21-4.35-4.35\"\/><\/svg>\r\n            Katalog Ebook\r\n          <\/a>\r\n          <a href=\"https:\/\/belajarastro.com\/baca\/peminjaman-saya\/\">\r\n            <svg viewBox=\"0 0 24 24\"><path d=\"M4 19.5A2.5 2.5 0 0 1 6.5 17H20\"\/><path d=\"M6.5 2H20v20H6.5A2.5 2.5 0 0 1 4 19.5v-15A2.5 2.5 0 0 1 6.5 2z\"\/><\/svg>\r\n            Pinjaman Saya\r\n          <\/a>\r\n          <a href=\"https:\/\/belajarastro.com\/plus\">\r\n            <svg viewBox=\"0 0 24 24\"><polygon points=\"12 2 15.09 8.26 22 9.27 17 14.14 18.18 21.02 12 17.77 5.82 21.02 7 14.14 2 9.27 8.91 8.26 12 2\"\/><\/svg>\r\n            Astronomi+\r\n          <\/a>\r\n        <\/div>\r\n      <\/div>\r\n      <div class=\"dl-footer-col\">\r\n        <h4>Temukan Kami<\/h4>\r\n        <div class=\"dl-footer-links\">\r\n          <a href=\"https:\/\/belajarastro.com\" target=\"_blank\" rel=\"noopener\">\r\n            <svg viewBox=\"0 0 24 24\"><circle cx=\"12\" cy=\"12\" r=\"10\"\/><line x1=\"2\" y1=\"12\" x2=\"22\" y2=\"12\"\/><path d=\"M12 2a15.3 15.3 0 0 1 4 10 15.3 15.3 0 0 1-4 10 15.3 15.3 0 0 1-4-10 15.3 15.3 0 0 1 4-10z\"\/><\/svg>\r\n            BelajarAstro.com\r\n          <\/a>\r\n          <a href=\"https:\/\/instagram.com\/belajarastro.id\" target=\"_blank\" rel=\"noopener\">\r\n            <svg viewBox=\"0 0 24 24\"><rect x=\"2\" y=\"2\" width=\"20\" height=\"20\" rx=\"5\" ry=\"5\"\/><path d=\"M16 11.37A4 4 0 1 1 12.63 8 4 4 0 0 1 16 11.37z\"\/><line x1=\"17.5\" y1=\"6.5\" x2=\"17.51\" y2=\"6.5\"\/><\/svg>\r\n            Instagram\r\n          <\/a>\r\n          <a href=\"https:\/\/x.com\/belajarastro_id\" target=\"_blank\" rel=\"noopener\">\r\n            <svg viewBox=\"0 0 24 24\"><path d=\"M4 4l16 16M20 4L4 20\"\/><\/svg>\r\n            X (Twitter)\r\n          <\/a>\r\n        <\/div>\r\n      <\/div>\r\n    <\/div>\r\n    <div class=\"dl-footer-bottom\">\r\n      <span class=\"dl-footer-copy\">\u00a9 2026 PT Belajar Astronomi Indonesia. Semua hak dilindungi.<\/span>\r\n    <\/div>\r\n  <\/footer>\r\n    <\/div>\r\n  <\/div>\n\t\t\t\t\t\t<\/div>\n\t\t\t\t\t<\/div>\n\t\t\t\t<\/div>\n\t\t\t\t<\/div>\n\t\t","protected":false},"excerpt":{"rendered":"","protected":false},"author":1,"featured_media":0,"parent":0,"menu_order":0,"comment_status":"closed","ping_status":"closed","template":"elementor_canvas","meta":{"footnotes":""},"class_list":["post-25","page","type-page","status-publish","hentry"],"_links":{"self":[{"href":"https:\/\/belajarastro.com\/baca\/wp-json\/wp\/v2\/pages\/25","targetHints":{"allow":["GET"]}}],"collection":[{"href":"https:\/\/belajarastro.com\/baca\/wp-json\/wp\/v2\/pages"}],"about":[{"href":"https:\/\/belajarastro.com\/baca\/wp-json\/wp\/v2\/types\/page"}],"author":[{"embeddable":true,"href":"https:\/\/belajarastro.com\/baca\/wp-json\/wp\/v2\/users\/1"}],"replies":[{"embeddable":true,"href":"https:\/\/belajarastro.com\/baca\/wp-json\/wp\/v2\/comments?post=25"}],"version-history":[{"count":10,"href":"https:\/\/belajarastro.com\/baca\/wp-json\/wp\/v2\/pages\/25\/revisions"}],"predecessor-version":[{"id":45,"href":"https:\/\/belajarastro.com\/baca\/wp-json\/wp\/v2\/pages\/25\/revisions\/45"}],"wp:attachment":[{"href":"https:\/\/belajarastro.com\/baca\/wp-json\/wp\/v2\/media?parent=25"}],"curies":[{"name":"wp","href":"https:\/\/api.w.org\/{rel}","templated":true}]}}